{"id":612,"date":"2016-03-07T03:11:04","date_gmt":"2016-03-07T03:11:04","guid":{"rendered":"https:\/\/www.gavias-theme.com\/wp\/indutri\/?page_id=612"},"modified":"2025-07-17T10:23:01","modified_gmt":"2025-07-17T16:23:01","slug":"about-page","status":"publish","type":"page","link":"https:\/\/acerospremium.com\/?page_id=612","title":{"rendered":"Nosotros"},"content":{"rendered":"\t\t<div data-elementor-type=\"wp-post\" data-elementor-id=\"612\" class=\"elementor elementor-612\">\n\t\t\t\t\t\t<section class=\"elementor-section elementor-top-section elementor-element elementor-element-999c2df elementor-section-boxed elementor-section-height-default elementor-section-height-default\" data-id=\"999c2df\" data-element_type=\"section\" data-settings=\"{&quot;background_background&quot;:&quot;classic&quot;}\">\n\t\t\t\t\t\t<div class=\"elementor-container elementor-column-gap-default\">\n\t\t\t\t\t<div class=\"elementor-column elementor-col-50 elementor-top-column elementor-element elementor-element-1140a9c top column-style-top\" data-id=\"1140a9c\" data-element_type=\"column\">\n\t\t\t<div class=\"elementor-widget-wrap elementor-element-populated\">\n\t\t\t\t\t\t<section class=\"elementor-section elementor-inner-section elementor-element elementor-element-b32059b elementor-section-boxed elementor-section-height-default elementor-section-height-default\" data-id=\"b32059b\" data-element_type=\"section\">\n\t\t\t\t\t\t<div class=\"elementor-container elementor-column-gap-default\">\n\t\t\t\t\t<div class=\"elementor-column elementor-col-50 elementor-inner-column elementor-element elementor-element-06e3bf0 top column-style-top\" data-id=\"06e3bf0\" data-element_type=\"column\">\n\t\t\t<div class=\"elementor-widget-wrap elementor-element-populated\">\n\t\t\t\t\t\t<div class=\"elementor-element elementor-element-9596e94 elementor-widget elementor-widget-image\" data-id=\"9596e94\" data-element_type=\"widget\" data-widget_type=\"image.default\">\n\t\t\t\t<div class=\"elementor-widget-container\">\n\t\t\t\t\t\t\t\t\t\t\t\t\t\t\t<img decoding=\"async\" width=\"96\" height=\"96\" src=\"https:\/\/acerospremium.com\/wp-content\/uploads\/2022\/12\/Isotipo-AP-96x96.png\" class=\"attachment-profile_96 size-profile_96 wp-image-11222\" alt=\"\" srcset=\"https:\/\/acerospremium.com\/wp-content\/uploads\/2022\/12\/Isotipo-AP-96x96.png 96w, https:\/\/acerospremium.com\/wp-content\/uploads\/2022\/12\/Isotipo-AP-600x600.png 600w, https:\/\/acerospremium.com\/wp-content\/uploads\/2022\/12\/Isotipo-AP-180x180.png 180w, https:\/\/acerospremium.com\/wp-content\/uploads\/2022\/12\/Isotipo-AP-768x768.png 768w, https:\/\/acerospremium.com\/wp-content\/uploads\/2022\/12\/Isotipo-AP-300x300.png 300w, https:\/\/acerospremium.com\/wp-content\/uploads\/2022\/12\/Isotipo-AP-24x24.png 24w, https:\/\/acerospremium.com\/wp-content\/uploads\/2022\/12\/Isotipo-AP-48x48.png 48w, https:\/\/acerospremium.com\/wp-content\/uploads\/2022\/12\/Isotipo-AP-150x150.png 150w, https:\/\/acerospremium.com\/wp-content\/uploads\/2022\/12\/Isotipo-AP.png 1000w\" sizes=\"(max-width: 96px) 100vw, 96px\" \/>\t\t\t\t\t\t\t\t\t\t\t\t\t\t\t<\/div>\n\t\t\t\t<\/div>\n\t\t\t\t\t<\/div>\n\t\t<\/div>\n\t\t\t\t<div class=\"elementor-column elementor-col-50 elementor-inner-column elementor-element elementor-element-b513b7b top column-style-top\" data-id=\"b513b7b\" data-element_type=\"column\">\n\t\t\t<div class=\"elementor-widget-wrap elementor-element-populated\">\n\t\t\t\t\t\t<div class=\"elementor-element elementor-element-2717872 elementor-widget elementor-widget-image\" data-id=\"2717872\" data-element_type=\"widget\" data-widget_type=\"image.default\">\n\t\t\t\t<div class=\"elementor-widget-container\">\n\t\t\t\t\t\t\t\t\t\t\t\t\t\t\t<img decoding=\"async\" width=\"96\" height=\"96\" src=\"https:\/\/acerospremium.com\/wp-content\/uploads\/2022\/12\/Isotipo-DK-96x96.png\" class=\"attachment-profile_96 size-profile_96 wp-image-11221\" alt=\"\" srcset=\"https:\/\/acerospremium.com\/wp-content\/uploads\/2022\/12\/Isotipo-DK-96x96.png 96w, https:\/\/acerospremium.com\/wp-content\/uploads\/2022\/12\/Isotipo-DK-600x600.png 600w, https:\/\/acerospremium.com\/wp-content\/uploads\/2022\/12\/Isotipo-DK-180x180.png 180w, https:\/\/acerospremium.com\/wp-content\/uploads\/2022\/12\/Isotipo-DK-768x768.png 768w, https:\/\/acerospremium.com\/wp-content\/uploads\/2022\/12\/Isotipo-DK-300x300.png 300w, https:\/\/acerospremium.com\/wp-content\/uploads\/2022\/12\/Isotipo-DK-24x24.png 24w, https:\/\/acerospremium.com\/wp-content\/uploads\/2022\/12\/Isotipo-DK-48x48.png 48w, https:\/\/acerospremium.com\/wp-content\/uploads\/2022\/12\/Isotipo-DK-150x150.png 150w, https:\/\/acerospremium.com\/wp-content\/uploads\/2022\/12\/Isotipo-DK.png 1000w\" sizes=\"(max-width: 96px) 100vw, 96px\" \/>\t\t\t\t\t\t\t\t\t\t\t\t\t\t\t<\/div>\n\t\t\t\t<\/div>\n\t\t\t\t\t<\/div>\n\t\t<\/div>\n\t\t\t\t\t<\/div>\n\t\t<\/section>\n\t\t\t\t<div class=\"elementor-element elementor-element-a829f2e elementor-widget elementor-widget-gva-tabs-content\" data-id=\"a829f2e\" data-element_type=\"widget\" data-widget_type=\"gva-tabs-content.default\">\n\t\t\t\t<div class=\"elementor-widget-container\">\n\t\t\t\t\t\t\t<div class=\"gsc-tabs-content\" role=\"tablist\">\n\t\t\t<div class=\"tabs_wrapper\">\n\t\t\t\t\n\t\t\t\t<ul class=\"nav nav_tabs clearfix\">\n\t\t\t\t\t\t\t\t\t\t\t<li class=\"elementor-repeater-item-da4b22c\">\n\t\t\t\t\t\t\t<a class=\"active show\" data-toggle=\"tab\" href=\"#lq1e-0\">\n\t\t\t\t\t\t\t\t<span>MISI\u00d3N<\/span>\n\t\t\t\t\t\t\t<\/a>\n\t\t\t\t\t\t<\/li>\n\t\t\t\t\t\t\t\t\t\t\t<li class=\"elementor-repeater-item-2966897\">\n\t\t\t\t\t\t\t<a class=\"\" data-toggle=\"tab\" href=\"#lq1e-1\">\n\t\t\t\t\t\t\t\t<span>VISI\u00d3N<\/span>\n\t\t\t\t\t\t\t<\/a>\n\t\t\t\t\t\t<\/li>\n\t\t\t\t\t\t\t\t\t\t\t<li class=\"elementor-repeater-item-b75ad68\">\n\t\t\t\t\t\t\t<a class=\"\" data-toggle=\"tab\" href=\"#lq1e-2\">\n\t\t\t\t\t\t\t\t<span>VALORES<\/span>\n\t\t\t\t\t\t\t<\/a>\n\t\t\t\t\t\t<\/li>\n\t\t\t\t\t\t\t\t\t<\/ul>\n\t\t\t\t\n\n\t\t\t\t<div class=\"tab-content clearfix\">\n\t\t\t\t\t\t\t\t\t\t\t<div class=\"tab-pane fade in active show\" role=\"tabpanel\" id=\"lq1e-0\">\n\t\t\t\t\t\t\t\t\t\t\t\t\t\t<div class=\"tab-content-item no_image\">\n\t\t\t\t\t\t\t\t<p><span style=\"font-weight: 400;\">Contribuir con nuestros clientes a realizar sus proyectos mediante un correcto asesoramiento y atenci\u00f3n personalizada a trav\u00e9s de un suministro eficaz de sus materiales.<\/span><\/p>\t\t\t\t\t\t\t<\/div>\n\t\t\t\t\t\t<\/div>\n\t\t\t\t\t\n\t\t\t\t\t\t\t\t\t\t\t<div class=\"tab-pane fade in \" role=\"tabpanel\" id=\"lq1e-1\">\n\t\t\t\t\t\t\t\t\t\t\t\t\t\t<div class=\"tab-content-item no_image\">\n\t\t\t\t\t\t\t\t<p style=\"text-align: left;\"><span style=\"font-weight: 400;\">Ser una empresa reconocida en el desarrollo de soluciones integrales con un alto nivel de calidad y servicio al cliente.<\/span><\/p>\t\t\t\t\t\t\t<\/div>\n\t\t\t\t\t\t<\/div>\n\t\t\t\t\t\n\t\t\t\t\t\t\t\t\t\t\t<div class=\"tab-pane fade in \" role=\"tabpanel\" id=\"lq1e-2\">\n\t\t\t\t\t\t\t\t\t\t\t\t\t\t<div class=\"tab-content-item no_image\">\n\t\t\t\t\t\t\t\t<ul><li style=\"font-weight: 400;\" aria-level=\"1\"><span style=\"font-weight: 400;\">Integridad<\/span><\/li><li style=\"font-weight: 400;\" aria-level=\"1\"><span style=\"font-weight: 400;\">Confianza<\/span><\/li><li style=\"font-weight: 400;\" aria-level=\"1\"><span style=\"font-weight: 400;\">Trabajo en Equipo<\/span><\/li><li style=\"font-weight: 400;\" aria-level=\"1\"><span style=\"font-weight: 400;\">Compromiso<\/span><\/li><li style=\"font-weight: 400;\" aria-level=\"1\"><span style=\"font-weight: 400;\">Respeto al Cliente<\/span><\/li><\/ul>\t\t\t\t\t\t\t<\/div>\n\t\t\t\t\t\t<\/div>\n\t\t\t\t\t\n\t\t\t\t\t\t\t\t\t<\/div>\n\t\t\t<\/div>\t\n\t\t<\/div>\n\n\t\t\t\t\t\t<\/div>\n\t\t\t\t<\/div>\n\t\t\t\t\t<\/div>\n\t\t<\/div>\n\t\t\t\t<div class=\"elementor-column elementor-col-50 elementor-top-column elementor-element elementor-element-9687427 column-style-bg-overflow-right col-bg-bottom-theme top\" data-id=\"9687427\" data-element_type=\"column\" data-settings=\"{&quot;background_background&quot;:&quot;classic&quot;}\">\n\t\t\t<div class=\"elementor-widget-wrap elementor-element-populated\">\n\t\t\t\t\t\t\t<\/div>\n\t\t<\/div>\n\t\t\t\t\t<\/div>\n\t\t<\/section>\n\t\t\t\t<section class=\"elementor-section elementor-top-section elementor-element elementor-element-1279549a elementor-section-boxed elementor-section-height-default elementor-section-height-default\" data-id=\"1279549a\" data-element_type=\"section\">\n\t\t\t\t\t\t<div class=\"elementor-container elementor-column-gap-default\">\n\t\t\t\t\t<div class=\"elementor-column elementor-col-50 elementor-top-column elementor-element elementor-element-2d41672 top column-style-top\" data-id=\"2d41672\" data-element_type=\"column\">\n\t\t\t<div class=\"elementor-widget-wrap elementor-element-populated\">\n\t\t\t\t\t\t<section class=\"elementor-section elementor-inner-section elementor-element elementor-element-3054b3dc elementor-section-boxed elementor-section-height-default elementor-section-height-default\" data-id=\"3054b3dc\" data-element_type=\"section\">\n\t\t\t\t\t\t<div class=\"elementor-container elementor-column-gap-default\">\n\t\t\t\t\t<div class=\"elementor-column elementor-col-100 elementor-inner-column elementor-element elementor-element-61306f8a top column-style-top\" data-id=\"61306f8a\" data-element_type=\"column\">\n\t\t\t<div class=\"elementor-widget-wrap\">\n\t\t\t\t\t\t\t<\/div>\n\t\t<\/div>\n\t\t\t\t\t<\/div>\n\t\t<\/section>\n\t\t\t\t<section class=\"elementor-section elementor-inner-section elementor-element elementor-element-678a3144 elementor-section-boxed elementor-section-height-default elementor-section-height-default\" data-id=\"678a3144\" data-element_type=\"section\">\n\t\t\t\t\t\t<div class=\"elementor-container elementor-column-gap-default\">\n\t\t\t\t\t<div class=\"elementor-column elementor-col-50 elementor-inner-column elementor-element elementor-element-270b08b5 top column-style-top\" data-id=\"270b08b5\" data-element_type=\"column\">\n\t\t\t<div class=\"elementor-widget-wrap elementor-element-populated\">\n\t\t\t\t\t\t<div class=\"elementor-element elementor-element-a3ee422 elementor-widget elementor-widget-image\" data-id=\"a3ee422\" data-element_type=\"widget\" data-widget_type=\"image.default\">\n\t\t\t\t<div class=\"elementor-widget-container\">\n\t\t\t\t\t\t\t\t\t\t\t\t\t\t\t<img fetchpriority=\"high\" decoding=\"async\" width=\"2560\" height=\"1707\" src=\"https:\/\/acerospremium.com\/wp-content\/uploads\/2022\/12\/1-scaled.jpg\" class=\"attachment-full size-full wp-image-11150\" alt=\"\" srcset=\"https:\/\/acerospremium.com\/wp-content\/uploads\/2022\/12\/1-scaled.jpg 2560w, https:\/\/acerospremium.com\/wp-content\/uploads\/2022\/12\/1-1024x683.jpg 1024w, https:\/\/acerospremium.com\/wp-content\/uploads\/2022\/12\/1-768x512.jpg 768w, https:\/\/acerospremium.com\/wp-content\/uploads\/2022\/12\/1-600x400.jpg 600w\" sizes=\"(max-width: 2560px) 100vw, 2560px\" \/>\t\t\t\t\t\t\t\t\t\t\t\t\t\t\t<\/div>\n\t\t\t\t<\/div>\n\t\t\t\t\t<\/div>\n\t\t<\/div>\n\t\t\t\t<div class=\"elementor-column elementor-col-50 elementor-inner-column elementor-element elementor-element-6f144718 top column-style-top\" data-id=\"6f144718\" data-element_type=\"column\">\n\t\t\t<div class=\"elementor-widget-wrap elementor-element-populated\">\n\t\t\t\t\t\t<div class=\"elementor-element elementor-element-710bc28 elementor-widget elementor-widget-gva-heading-block\" data-id=\"710bc28\" data-element_type=\"widget\" data-widget_type=\"gva-heading-block.default\">\n\t\t\t\t<div class=\"elementor-widget-container\">\n\t\t\t\t\t<div class=\"gva-element-gva-heading-block gva-element\">   <div class=\"align-left style-1 widget gsc-heading box-align-left\">\r\n      <div class=\"content-inner\">\r\n         \r\n                  \r\n           \r\n         \r\n                     <h2 class=\"title\">\r\n               <span>\u00a1Comun\u00edcate con nosotros!\n\nVia Whatsapp al 444 491 6456<br>Ll\u00e1manos 444 649 8032<\/span>\r\n            <\/h2>\r\n                  \r\n         \r\n      <\/div>\r\n   <\/div>\r\n   <div class=\"clearfix\"><\/div>\r\n<\/div>\t\t\t\t<\/div>\n\t\t\t\t<\/div>\n\t\t\t\t<div class=\"elementor-element elementor-element-57ad4f9c elementor-widget elementor-widget-gva-heading-block\" data-id=\"57ad4f9c\" data-element_type=\"widget\" data-widget_type=\"gva-heading-block.default\">\n\t\t\t\t<div class=\"elementor-widget-container\">\n\t\t\t\t\t<div class=\"gva-element-gva-heading-block gva-element\">   <div class=\"align-left style-1 widget gsc-heading box-align-left\">\r\n      <div class=\"content-inner\">\r\n         \r\n                  \r\n           \r\n         \r\n                     <h2 class=\"title\">\r\n               <span>\u00a1Somos tu mejor opci\u00f3n!<\/span>\r\n            <\/h2>\r\n                              <div class=\"title-desc\">- Tiempos de entrega r\u00e1pidos<br>- Cotizaciones en minutos<br>- Sin m\u00ednimo de compra (env\u00edos locales)<br>- Atenci\u00f3n personalizada<br>\n- Compras directas en punto de venta<\/div>\r\n         \r\n         \r\n      <\/div>\r\n   <\/div>\r\n   <div class=\"clearfix\"><\/div>\r\n<\/div>\t\t\t\t<\/div>\n\t\t\t\t<\/div>\n\t\t\t\t\t<\/div>\n\t\t<\/div>\n\t\t\t\t\t<\/div>\n\t\t<\/section>\n\t\t\t\t\t<\/div>\n\t\t<\/div>\n\t\t\t\t<div class=\"elementor-column elementor-col-50 elementor-top-column elementor-element elementor-element-47c5cee9 top column-style-top\" data-id=\"47c5cee9\" data-element_type=\"column\">\n\t\t\t<div class=\"elementor-widget-wrap elementor-element-populated\">\n\t\t\t\t\t\t<div class=\"elementor-element elementor-element-3b7c8567 elementor-widget__width-auto elementor-widget elementor-widget-image\" data-id=\"3b7c8567\" data-element_type=\"widget\" data-settings=\"{&quot;_animation&quot;:&quot;none&quot;}\" data-widget_type=\"image.default\">\n\t\t\t\t<div class=\"elementor-widget-container\">\n\t\t\t\t\t\t\t\t\t\t\t\t<figure class=\"wp-caption\">\n\t\t\t\t\t\t\t\t\t\t<img loading=\"lazy\" decoding=\"async\" width=\"300\" height=\"300\" src=\"https:\/\/acerospremium.com\/wp-content\/uploads\/2023\/01\/WhatsApp-Image-2023-01-17-at-13.24.31-1-300x300.jpeg\" class=\"attachment-profile_300 size-profile_300 wp-image-11345\" alt=\"\" srcset=\"https:\/\/acerospremium.com\/wp-content\/uploads\/2023\/01\/WhatsApp-Image-2023-01-17-at-13.24.31-1-300x300.jpeg 300w, https:\/\/acerospremium.com\/wp-content\/uploads\/2023\/01\/WhatsApp-Image-2023-01-17-at-13.24.31-1-600x600.jpeg 600w, https:\/\/acerospremium.com\/wp-content\/uploads\/2023\/01\/WhatsApp-Image-2023-01-17-at-13.24.31-1-180x180.jpeg 180w, https:\/\/acerospremium.com\/wp-content\/uploads\/2023\/01\/WhatsApp-Image-2023-01-17-at-13.24.31-1-24x24.jpeg 24w, https:\/\/acerospremium.com\/wp-content\/uploads\/2023\/01\/WhatsApp-Image-2023-01-17-at-13.24.31-1-48x48.jpeg 48w, https:\/\/acerospremium.com\/wp-content\/uploads\/2023\/01\/WhatsApp-Image-2023-01-17-at-13.24.31-1-96x96.jpeg 96w, https:\/\/acerospremium.com\/wp-content\/uploads\/2023\/01\/WhatsApp-Image-2023-01-17-at-13.24.31-1-150x150.jpeg 150w\" sizes=\"(max-width: 300px) 100vw, 300px\" \/>\t\t\t\t\t\t\t\t\t\t\t<figcaption class=\"widget-image-caption wp-caption-text\">Visitanos en Ayax #40,  Colonia el aguaje<\/figcaption>\n\t\t\t\t\t\t\t\t\t\t<\/figure>\n\t\t\t\t\t\t\t\t\t<\/div>\n\t\t\t\t<\/div>\n\t\t\t\t\t<\/div>\n\t\t<\/div>\n\t\t\t\t\t<\/div>\n\t\t<\/section>\n\t\t\t\t<section class=\"elementor-section elementor-top-section elementor-element elementor-element-353a117 elementor-section-boxed elementor-section-height-default elementor-section-height-default\" data-id=\"353a117\" data-element_type=\"section\" data-settings=\"{&quot;background_background&quot;:&quot;classic&quot;}\">\n\t\t\t\t\t\t<div class=\"elementor-container elementor-column-gap-default\">\n\t\t\t\t\t<div class=\"elementor-column elementor-col-100 elementor-top-column elementor-element elementor-element-1d56248a top column-style-top\" data-id=\"1d56248a\" data-element_type=\"column\">\n\t\t\t<div class=\"elementor-widget-wrap elementor-element-populated\">\n\t\t\t\t\t\t<div class=\"elementor-element elementor-element-41c9c009 elementor-widget elementor-widget-gva-call-to-action\" data-id=\"41c9c009\" data-element_type=\"widget\" data-widget_type=\"gva-call-to-action.default\">\n\t\t\t\t<div class=\"elementor-widget-container\">\n\t\t\t\t\t<div class=\"gva-element-gva-call-to-action gva-element\">\r\n   <div class=\"button-right widget gsc-call-to-action\">\r\n      <div class=\"content-inner clearfix\" >\r\n         <div class=\"cta-content\">\r\n                           <h2 class=\"title\">\r\n                  <span>\u00bfNecesitas ayuda?<\/span>\r\n               <\/h2>\r\n                                             <\/div>\r\n                     <div class=\"button-action\">\r\n                       <a href=\"https:\/\/acerospremium.com\/?page_id=610\" class=\"btn-cta btn-theme-2\">\r\n          <span>Conctactanos<\/span>\r\n        <\/a>\r\n\r\n                    <\/div>\r\n               <\/div>\r\n   <\/div>\r\n<\/div>\t\t\t\t<\/div>\n\t\t\t\t<\/div>\n\t\t\t\t\t<\/div>\n\t\t<\/div>\n\t\t\t\t\t<\/div>\n\t\t<\/section>\n\t\t\t\t<\/div>\n\t\t","protected":false},"excerpt":{"rendered":"<p>MISI\u00d3N VISI\u00d3N VALORES Contribuir con nuestros clientes a realizar sus proyectos mediante un correcto asesoramiento y atenci\u00f3n personalizada a trav\u00e9s de un suministro eficaz de sus materiales. Ser una empresa reconocida en el desarrollo de soluciones integrales con un alto nivel de calidad y servicio al cliente. Integridad Confianza Trabajo en Equipo Compromiso Respeto al [&hellip;]<\/p>\n","protected":false},"author":1,"featured_media":0,"parent":0,"menu_order":0,"comment_status":"closed","ping_status":"closed","template":"","meta":{"footnotes":""},"class_list":["post-612","page","type-page","status-publish","hentry"],"_links":{"self":[{"href":"https:\/\/acerospremium.com\/index.php?rest_route=\/wp\/v2\/pages\/612","targetHints":{"allow":["GET"]}}],"collection":[{"href":"https:\/\/acerospremium.com\/index.php?rest_route=\/wp\/v2\/pages"}],"about":[{"href":"https:\/\/acerospremium.com\/index.php?rest_route=\/wp\/v2\/types\/page"}],"author":[{"embeddable":true,"href":"https:\/\/acerospremium.com\/index.php?rest_route=\/wp\/v2\/users\/1"}],"replies":[{"embeddable":true,"href":"https:\/\/acerospremium.com\/index.php?rest_route=%2Fwp%2Fv2%2Fcomments&post=612"}],"version-history":[{"count":65,"href":"https:\/\/acerospremium.com\/index.php?rest_route=\/wp\/v2\/pages\/612\/revisions"}],"predecessor-version":[{"id":11834,"href":"https:\/\/acerospremium.com\/index.php?rest_route=\/wp\/v2\/pages\/612\/revisions\/11834"}],"wp:attachment":[{"href":"https:\/\/acerospremium.com\/index.php?rest_route=%2Fwp%2Fv2%2Fmedia&parent=612"}],"curies":[{"name":"wp","href":"https:\/\/api.w.org\/{rel}","templated":true}]}}